{"id":103,"date":"2017-01-17T10:44:02","date_gmt":"2017-01-17T09:44:02","guid":{"rendered":"http:\/\/aaeir.eu\/?page_id=103"},"modified":"2018-11-15T23:33:08","modified_gmt":"2018-11-15T22:33:08","slug":"comment-entrer-en-section-internationale","status":"publish","type":"page","link":"https:\/\/aaeir.eu\/index.php\/fr\/la-section-internationale\/comment-entrer-en-section-internationale\/","title":{"rendered":"Comment entrer en section internationale ?"},"content":{"rendered":"<p><img loading=\"lazy\" decoding=\"async\" class=\"alignnone size-large wp-image-150\" src=\"https:\/\/aaeir.eu\/wp-content\/uploads\/2017\/01\/highlighter-1103715_1920-1024x683.jpg\" alt=\"\" width=\"660\" height=\"440\" srcset=\"https:\/\/aaeir.eu\/wp-content\/uploads\/2017\/01\/highlighter-1103715_1920-1024x683.jpg 1024w, https:\/\/aaeir.eu\/wp-content\/uploads\/2017\/01\/highlighter-1103715_1920-300x200.jpg 300w, https:\/\/aaeir.eu\/wp-content\/uploads\/2017\/01\/highlighter-1103715_1920-768x512.jpg 768w, https:\/\/aaeir.eu\/wp-content\/uploads\/2017\/01\/highlighter-1103715_1920.jpg 1920w\" sizes=\"auto, (max-width: 660px) 100vw, 660px\" \/><\/p>\n<p>Pour entrer en section internationale, il faut r\u00e9ussir un <strong>concours d&rsquo;entr\u00e9e<\/strong>. Il y en a un en <strong>CE2<\/strong>, un autre en <strong>6\u00e8me<\/strong> ainsi qu&rsquo;un en <strong>seconde<\/strong>.<\/p>\n<p>Tous les niveaux du <strong>coll\u00e8ge<\/strong> sont accessibles tous les ans.<\/p>\n<p><strong>ENTR\u00c9E AU LYC\u00c9E :<\/strong> Le dossier d&rsquo;inscription au concours est \u00e0 se procurer dans les coll\u00e8ges de l&rsquo;acad\u00e9mie. Date limite du d\u00e9p\u00f4t des dossiers au lyc\u00e9e Marc Chagall : 7 f\u00e9vrier 2018.<\/p>\n<p>Vous pouvez consulter <a href=\"http:\/\/www.ac-reims.fr\/dsden51\/cid89958\/inscription-section-internationale-ecole-college.html\">cette page pour plus d&rsquo;informations sur l&rsquo;entr\u00e9e en primaire et au coll\u00e8ge<\/a> ainsi que <a href=\"https:\/\/www.lycee-marc-chagall.fr\/la-section-internationale\/\">celle-ci sur l&rsquo;entr\u00e9e au lyc\u00e9e<\/a>.<\/p>\n","protected":false},"excerpt":{"rendered":"<p>Pour entrer en section internationale, il faut r\u00e9ussir un concours d&rsquo;entr\u00e9e. Il y en a un en CE2, un autre en 6\u00e8me ainsi qu&rsquo;un en seconde. Tous les niveaux du &hellip; <a href=\"https:\/\/aaeir.eu\/index.php\/fr\/la-section-internationale\/comment-entrer-en-section-internationale\/\" class=\"more-link\">Continuer la lecture de <span class=\"screen-reader-text\">Comment entrer en section internationale ?<\/span><\/a><\/p>\n","protected":false},"author":4,"featured_media":0,"parent":11,"menu_order":1,"comment_status":"closed","ping_status":"closed","template":"","meta":{"footnotes":""},"class_list":["post-103","page","type-page","status-publish","hentry"],"_links":{"self":[{"href":"https:\/\/aaeir.eu\/index.php\/wp-json\/wp\/v2\/pages\/103","targetHints":{"allow":["GET"]}}],"collection":[{"href":"https:\/\/aaeir.eu\/index.php\/wp-json\/wp\/v2\/pages"}],"about":[{"href":"https:\/\/aaeir.eu\/index.php\/wp-json\/wp\/v2\/types\/page"}],"author":[{"embeddable":true,"href":"https:\/\/aaeir.eu\/index.php\/wp-json\/wp\/v2\/users\/4"}],"replies":[{"embeddable":true,"href":"https:\/\/aaeir.eu\/index.php\/wp-json\/wp\/v2\/comments?post=103"}],"version-history":[{"count":7,"href":"https:\/\/aaeir.eu\/index.php\/wp-json\/wp\/v2\/pages\/103\/revisions"}],"predecessor-version":[{"id":271,"href":"https:\/\/aaeir.eu\/index.php\/wp-json\/wp\/v2\/pages\/103\/revisions\/271"}],"up":[{"embeddable":true,"href":"https:\/\/aaeir.eu\/index.php\/wp-json\/wp\/v2\/pages\/11"}],"wp:attachment":[{"href":"https:\/\/aaeir.eu\/index.php\/wp-json\/wp\/v2\/media?parent=103"}],"curies":[{"name":"wp","href":"https:\/\/api.w.org\/{rel}","templated":true}]}}