{"id":11,"date":"2017-01-16T18:17:19","date_gmt":"2017-01-16T17:17:19","guid":{"rendered":"http:\/\/aaeir.eu\/?page_id=11"},"modified":"2019-03-31T15:38:22","modified_gmt":"2019-03-31T13:38:22","slug":"la-section-internationale","status":"publish","type":"page","link":"https:\/\/aaeir.eu\/index.php\/fr\/la-section-internationale\/","title":{"rendered":"La section internationale"},"content":{"rendered":"<p><strong>Du CE2 \u00e0 la Terminale.<\/strong> Enseignement international anglais de la primaire jusqu\u2019au baccalaur\u00e9at pour des enfants natifs et fran\u00e7ais d\u00e9sireux de s\u2019impr\u00e9gner de la culture britannique.<br \/>\n<strong>Trois \u00e9tablissements r\u00e9mois<\/strong> accueillent les enfants et leur proposent un enseignement diversifi\u00e9\u00a0:<\/p>\n<ul>\n<li>Cours en anglais d\u00e8s le CE2<\/li>\n<li>Cours d\u2019histoire g\u00e9ographie en anglais d\u00e8s la 6\u00e8me<\/li>\n<li>Litt\u00e9rature \u00e9trang\u00e8re de la 6\u00e8me \u00e0 la terminale<\/li>\n<li>Voyages et \u00e9changes avec l\u2019Angleterre et les \u00c9tats Unis.<\/li>\n<\/ul>\n<h3><img loading=\"lazy\" decoding=\"async\" class=\"size-large wp-image-125 aligncenter\" src=\"https:\/\/aaeir.eu\/wp-content\/uploads\/2017\/01\/adriatique_02-1024x768.jpg\" alt=\"\" width=\"660\" height=\"495\" srcset=\"https:\/\/aaeir.eu\/wp-content\/uploads\/2017\/01\/adriatique_02-1024x768.jpg 1024w, https:\/\/aaeir.eu\/wp-content\/uploads\/2017\/01\/adriatique_02-300x225.jpg 300w, https:\/\/aaeir.eu\/wp-content\/uploads\/2017\/01\/adriatique_02-768x576.jpg 768w\" sizes=\"auto, (max-width: 660px) 100vw, 660px\" \/><\/h3>\n<h3>Primaire : Ecole Adriatique<\/h3>\n<p>3, rue de l\u2019Adriatique, 51100 REIMS<br \/>\nt\u00e9l. 03 26 85 14 94<br \/>\nce1695r@ac-reims.fr<\/p>\n<p><em>Effectifs<\/em><br \/>\nNombre d\u2019\u00e9l\u00e8ves total\u00a0: entre 250 et 300<br \/>\nNombre d\u2019\u00e9l\u00e8ves en classes internationales\u00a0: 3 classes internationales d\u2019environ 26 \u00e9l\u00e8ves chacune\u00a0: CE2, CM1, CM2<\/p>\n<p><em>Informations pratiques<\/em><br \/>\nJours et horaires de classe : lundi &#8211; mardi &#8211; jeudi &#8211; vendredi (8h30 \u00e0 11h30 ou 12h, puis 13h30 \u00e0 16h30).<br \/>\nApr\u00e8s la classe, jusqu&rsquo;\u00e0 17h45, les enfants sont encadr\u00e9s par le personnel de la ville de Reims.<br \/>\nActivit\u00e9s propos\u00e9es: jeux \u00e9ducatifs et de soci\u00e9t\u00e9, activit\u00e9s sportives et artistiques.<\/p>\n<h3><img loading=\"lazy\" decoding=\"async\" class=\"size-large wp-image-126 aligncenter\" src=\"https:\/\/aaeir.eu\/wp-content\/uploads\/2017\/01\/schuman_02-1024x768.jpg\" alt=\"\" width=\"660\" height=\"495\" srcset=\"https:\/\/aaeir.eu\/wp-content\/uploads\/2017\/01\/schuman_02-1024x768.jpg 1024w, https:\/\/aaeir.eu\/wp-content\/uploads\/2017\/01\/schuman_02-300x225.jpg 300w, https:\/\/aaeir.eu\/wp-content\/uploads\/2017\/01\/schuman_02-768x576.jpg 768w\" sizes=\"auto, (max-width: 660px) 100vw, 660px\" \/><\/h3>\n<h3>Coll\u00e8ge : Coll\u00e8ge Robert Schuman<\/h3>\n<p>1, rue Bertrand de Mun, BP 4, 51673 REIMS Cedex 2<br \/>\nT\u00e9l.\u00a0: 03 26 07 03 58<br \/>\nce.0511085c@ac-reims.fr<\/p>\n<p><em>Pr\u00e9sentation<\/em><br \/>\nNombre d\u2019\u00e9l\u00e8ves total\u00a0: environ 600<br \/>\nUne classe internationale par niveau de 25 \u00e0 30 \u00e9l\u00e8ves par niveau<br \/>\nLes grands axes du projet d\u2019\u00e9tablissement\u00a0: aide aux \u00e9l\u00e8ves en difficult\u00e9, responsabilisation des \u00e9l\u00e8ves et formation \u00e0 la citoyennet\u00e9, d\u00e9veloppement de l\u2019ouverture culturelle et \u00e0 l\u2019international.<\/p>\n<p><em>Informations pratiques<\/em><br \/>\nJours et horaires de classe\u00a0: Lundi, mardi, mercredi matin, jeudi, vendredi. Environ 30 heures de cours par semaine r\u00e9parties de 8h00 \u00e0 12h00 et 13h30 \u00e0 17h30.<br \/>\nRestauration &#8211; H\u00e9bergement\u00a0: Restaurant scolaire self service situ\u00e9 dans l\u2019enceinte de l\u2019\u00e9tablissement, demi-pension, internat.<br \/>\nAutres frais d\u2019\u00e9tudes (voyage, livres et autres projets)\u00a0: entre 300 et 750 euros, variable selon l\u2019ann\u00e9e.<br \/>\nAnimations sportives et socio-\u00e9ducatives\u00a0: Les \u00e9l\u00e8ves peuvent pendant la pause apr\u00e8s d\u00e9jeuner participer \u00e0 des ateliers vari\u00e9s ; r\u00e9daction du journal du coll\u00e8ge, sports avec l\u2019UNSS (handball, badminton, danse, GRS, volley ball, tennis de table, athl\u00e9tisme), jeux \u00e9ducatifs et de soci\u00e9t\u00e9&#8230; Participation au Marathon de Reims en octobre avec l\u2019UNSS.<\/p>\n<p><em>Sorties et voyages<\/em><br \/>\nS\u00e9jour \u00e0 Londres en lien avec le programme de litt\u00e9rature et d&rsquo;histoire (en 5\u00e8me et 3\u00e8me) et aux Etats-Unis (en 4\u00e8me).<\/p>\n<h3><img loading=\"lazy\" decoding=\"async\" class=\"size-large wp-image-127 aligncenter\" src=\"https:\/\/aaeir.eu\/wp-content\/uploads\/2017\/01\/chagall_01-1024x768.jpg\" alt=\"\" width=\"660\" height=\"495\" srcset=\"https:\/\/aaeir.eu\/wp-content\/uploads\/2017\/01\/chagall_01-1024x768.jpg 1024w, https:\/\/aaeir.eu\/wp-content\/uploads\/2017\/01\/chagall_01-300x225.jpg 300w, https:\/\/aaeir.eu\/wp-content\/uploads\/2017\/01\/chagall_01-768x576.jpg 768w\" sizes=\"auto, (max-width: 660px) 100vw, 660px\" \/><\/h3>\n<h3>Lyc\u00e9e : Lyc\u00e9e Marc Chagall<\/h3>\n<p>60, chauss\u00e9e St Martin, 51100 REIMS<br \/>\nt\u00e9l.\u00a0: 03 26 82 15 95<br \/>\nce.0511926S@ac-reims.fr<\/p>\n<p><em>Pr\u00e9sentation<\/em><br \/>\nNombre d\u2019\u00e9l\u00e8ves total : environ 1000<br \/>\nNombre d&rsquo;\u00e9l\u00e8ves en classe internationale : 90 \u00e0 100 de la seconde \u00e0 la terminale.<br \/>\nLes grands axes du projet d\u2019\u00e9tablissement : aide aux \u00e9l\u00e8ves en difficult\u00e9, responsabilisation des \u00e9l\u00e8ves et formation \u00e0 la citoyennet\u00e9, d\u00e9veloppement de l\u2019ouverture culturelle et \u00e0 l\u2019international.<\/p>\n<p><em>Informations pratiques<\/em><br \/>\nJours et horaires de classe : Lundi, mardi, mercredi matin, jeudi, vendredi, samedi. 4 heures de litt\u00e9rature \u00e9trang\u00e8re, cours d&rsquo;histoire-g\u00e9ographie en anglais.<br \/>\nRestauration &#8211; H\u00e9bergement : Restaurant scolaire self service situ\u00e9 dans l\u2019enceinte de l\u2019\u00e9tablissement, demi-pension, internat.<\/p>\n<p><em>Sorties et voyages<\/em><br \/>\nS\u00e9jour linguistique et culturel dans la r\u00e9gion de Londres en seconde, une semaine \u00e0 Stratford-upon-Avon en premi\u00e8re ainsi que des voyages pour voir des repr\u00e9sentations de pi\u00e8ces de Shakespeare au Globe Theater de Londres.<\/p>\n<p><em>Pr\u00e9sentation\u00a0:<\/em><br \/>\nImplant\u00e9 dans un cadre agr\u00e9able, de 3 hectares, construit en 1991, le lyc\u00e9e Chagall b\u00e9n\u00e9ficie d\u2019une belle architecture, fonctionnelle et innovante, d\u2019un \u00e9quipement performant. Le taux \u00e9lev\u00e9 de r\u00e9ussite au baccalaur\u00e9at et les r\u00e9sultats des diff\u00e9rentes \u00e9valuations attestent de la r\u00e9ussite des \u00e9l\u00e8ves, fond\u00e9e sur la motivation du public accueilli, la qualit\u00e9 de l\u2019enseignement et une dynamique p\u00e9dagogique et \u00e9ducative. L\u2019enseignement des langues vivantes et l\u2019ouverture vers le monde avec la section internationale et les classes europ\u00e9ennes anglais, l\u2019option lourde th\u00e9\u00e2tre, une forte implantation du domaine scientifique et le d\u00e9veloppement de la fili\u00e8re arts appliqu\u00e9s constituent la sp\u00e9cificit\u00e9 et l\u2019identit\u00e9 culturelle du lyc\u00e9e. Chaque ann\u00e9e, des \u00e9changes ont lieu avec des \u00e9tablissements britanniques, su\u00e9dois, allemands, des voyages culturels sont organis\u00e9s en Espagne, Italie et aux \u00c9tats-Unis.<\/p>\n<p><span style=\"border-radius: 2px; text-indent: 20px; width: auto; padding: 0px 4px 0px 0px; text-align: center; font: bold 11px\/20px 'Helvetica Neue',Helvetica,sans-serif; color: #ffffff; background: #bd081c no-repeat scroll 3px 50% \/ 14px 14px; position: absolute; opacity: 1; z-index: 8675309; display: none; cursor: pointer; top: 3121px; left: 50px;\">Enregistrer<\/span><\/p>\n<p><span style=\"border-radius: 2px; text-indent: 20px; width: auto; padding: 0px 4px 0px 0px; text-align: center; font: bold 11px\/20px 'Helvetica Neue',Helvetica,sans-serif; color: #ffffff; background: #bd081c no-repeat scroll 3px 50% \/ 14px 14px; position: absolute; opacity: 1; z-index: 8675309; display: none; cursor: pointer;\">Enregistrer<\/span><\/p>\n","protected":false},"excerpt":{"rendered":"<p>Du CE2 \u00e0 la Terminale. Enseignement international anglais de la primaire jusqu\u2019au baccalaur\u00e9at pour des enfants natifs et fran\u00e7ais d\u00e9sireux de s\u2019impr\u00e9gner de la culture britannique. Trois \u00e9tablissements r\u00e9mois accueillent &hellip; <a href=\"https:\/\/aaeir.eu\/index.php\/fr\/la-section-internationale\/\" class=\"more-link\">Continuer la lecture de <span class=\"screen-reader-text\">La section internationale<\/span><\/a><\/p>\n","protected":false},"author":4,"featured_media":0,"parent":0,"menu_order":0,"comment_status":"closed","ping_status":"closed","template":"","meta":{"footnotes":""},"class_list":["post-11","page","type-page","status-publish","hentry"],"_links":{"self":[{"href":"https:\/\/aaeir.eu\/index.php\/wp-json\/wp\/v2\/pages\/11","targetHints":{"allow":["GET"]}}],"collection":[{"href":"https:\/\/aaeir.eu\/index.php\/wp-json\/wp\/v2\/pages"}],"about":[{"href":"https:\/\/aaeir.eu\/index.php\/wp-json\/wp\/v2\/types\/page"}],"author":[{"embeddable":true,"href":"https:\/\/aaeir.eu\/index.php\/wp-json\/wp\/v2\/users\/4"}],"replies":[{"embeddable":true,"href":"https:\/\/aaeir.eu\/index.php\/wp-json\/wp\/v2\/comments?post=11"}],"version-history":[{"count":24,"href":"https:\/\/aaeir.eu\/index.php\/wp-json\/wp\/v2\/pages\/11\/revisions"}],"predecessor-version":[{"id":281,"href":"https:\/\/aaeir.eu\/index.php\/wp-json\/wp\/v2\/pages\/11\/revisions\/281"}],"wp:attachment":[{"href":"https:\/\/aaeir.eu\/index.php\/wp-json\/wp\/v2\/media?parent=11"}],"curies":[{"name":"wp","href":"https:\/\/api.w.org\/{rel}","templated":true}]}}