{"id":211,"date":"2017-02-05T18:56:37","date_gmt":"2017-02-05T17:56:37","guid":{"rendered":"http:\/\/aaeir.eu\/?page_id=211"},"modified":"2018-11-15T23:34:15","modified_gmt":"2018-11-15T22:34:15","slug":"attending-the-international-classes-wip","status":"publish","type":"page","link":"https:\/\/aaeir.eu\/index.php\/en\/the-international-section-wip\/attending-the-international-classes-wip\/","title":{"rendered":"Attending the international classes"},"content":{"rendered":"<p><img loading=\"lazy\" decoding=\"async\" class=\"alignnone size-large wp-image-150\" src=\"https:\/\/aaeir.eu\/wp-content\/uploads\/2017\/01\/highlighter-1103715_1920-1024x683.jpg\" alt=\"\" width=\"660\" height=\"440\" srcset=\"https:\/\/aaeir.eu\/wp-content\/uploads\/2017\/01\/highlighter-1103715_1920-1024x683.jpg 1024w, https:\/\/aaeir.eu\/wp-content\/uploads\/2017\/01\/highlighter-1103715_1920-300x200.jpg 300w, https:\/\/aaeir.eu\/wp-content\/uploads\/2017\/01\/highlighter-1103715_1920-768x512.jpg 768w, https:\/\/aaeir.eu\/wp-content\/uploads\/2017\/01\/highlighter-1103715_1920.jpg 1920w\" sizes=\"auto, (max-width: 660px) 100vw, 660px\" \/><\/p>\n<p>Joining the International Section requires to take an <strong>admission test<\/strong>. Admission tests must be taken in <strong>CE2<\/strong>, <strong>6\u00e8me<\/strong> and <strong>seconde<\/strong>.<\/p>\n<p>All <strong>coll\u00e8ge<\/strong> classes can be entered every year.<\/p>\n<p><strong>ENTERING LYC\u00c9E COURSES :<\/strong> The application form for the admission test can be obtained at the academy&rsquo;s coll\u00e8ges. It had to be returned to Lyc\u00e9e Marc Chagall before February 7th 2018.<\/p>\n<p>Read more about the primary school and coll\u00e8ge admissions <a href=\"http:\/\/www.ac-reims.fr\/dsden51\/cid89958\/inscription-section-internationale-ecole-college.html\">here<\/a> or about lyc\u00e9e admissions <a href=\"https:\/\/www.lycee-marc-chagall.fr\/la-section-internationale\/\">here<\/a>.<\/p>\n<p><span style=\"border-radius: 2px; text-indent: 20px; width: auto; padding: 0px 4px 0px 0px; text-align: center; font: bold 11px\/20px 'Helvetica Neue',Helvetica,sans-serif; color: #ffffff; background: #bd081c no-repeat scroll 3px 50% \/ 14px 14px; position: absolute; opacity: 1; z-index: 8675309; display: none; cursor: pointer; top: 31px; left: 50px;\">Enregistrer<\/span><\/p>\n","protected":false},"excerpt":{"rendered":"<p>Joining the International Section requires to take an admission test. Admission tests must be taken in CE2, 6\u00e8me and seconde. All coll\u00e8ge classes can be entered every year. ENTERING LYC\u00c9E &hellip; <a href=\"https:\/\/aaeir.eu\/index.php\/en\/the-international-section-wip\/attending-the-international-classes-wip\/\" class=\"more-link\">Continuer la lecture de <span class=\"screen-reader-text\">Attending the international classes<\/span><\/a><\/p>\n","protected":false},"author":4,"featured_media":0,"parent":196,"menu_order":1,"comment_status":"closed","ping_status":"closed","template":"","meta":{"footnotes":""},"class_list":["post-211","page","type-page","status-publish","hentry"],"_links":{"self":[{"href":"https:\/\/aaeir.eu\/index.php\/wp-json\/wp\/v2\/pages\/211","targetHints":{"allow":["GET"]}}],"collection":[{"href":"https:\/\/aaeir.eu\/index.php\/wp-json\/wp\/v2\/pages"}],"about":[{"href":"https:\/\/aaeir.eu\/index.php\/wp-json\/wp\/v2\/types\/page"}],"author":[{"embeddable":true,"href":"https:\/\/aaeir.eu\/index.php\/wp-json\/wp\/v2\/users\/4"}],"replies":[{"embeddable":true,"href":"https:\/\/aaeir.eu\/index.php\/wp-json\/wp\/v2\/comments?post=211"}],"version-history":[{"count":5,"href":"https:\/\/aaeir.eu\/index.php\/wp-json\/wp\/v2\/pages\/211\/revisions"}],"predecessor-version":[{"id":272,"href":"https:\/\/aaeir.eu\/index.php\/wp-json\/wp\/v2\/pages\/211\/revisions\/272"}],"up":[{"embeddable":true,"href":"https:\/\/aaeir.eu\/index.php\/wp-json\/wp\/v2\/pages\/196"}],"wp:attachment":[{"href":"https:\/\/aaeir.eu\/index.php\/wp-json\/wp\/v2\/media?parent=211"}],"curies":[{"name":"wp","href":"https:\/\/api.w.org\/{rel}","templated":true}]}}