{"id":68,"date":"2017-01-16T20:09:47","date_gmt":"2017-01-16T19:09:47","guid":{"rendered":"http:\/\/aaeir.eu\/?page_id=68"},"modified":"2025-02-17T22:22:13","modified_gmt":"2025-02-17T21:22:13","slug":"les-activites-et-evenements-recurrents","status":"publish","type":"page","link":"https:\/\/aaeir.eu\/index.php\/fr\/presentation-association\/les-activites-et-evenements-recurrents\/","title":{"rendered":"Les activit\u00e9s et \u00e9v\u00e9nements r\u00e9currents"},"content":{"rendered":"<p><img loading=\"lazy\" decoding=\"async\" class=\"alignnone size-large wp-image-159\" src=\"https:\/\/aaeir.eu\/wp-content\/uploads\/2017\/01\/theater-1477670_1920-1024x678.jpg\" alt=\"\" width=\"660\" height=\"437\" srcset=\"https:\/\/aaeir.eu\/wp-content\/uploads\/2017\/01\/theater-1477670_1920-1024x678.jpg 1024w, https:\/\/aaeir.eu\/wp-content\/uploads\/2017\/01\/theater-1477670_1920-300x199.jpg 300w, https:\/\/aaeir.eu\/wp-content\/uploads\/2017\/01\/theater-1477670_1920-768x508.jpg 768w, https:\/\/aaeir.eu\/wp-content\/uploads\/2017\/01\/theater-1477670_1920.jpg 1920w\" sizes=\"auto, (max-width: 660px) 100vw, 660px\" \/><\/p>\n<p><strong>Th\u00e9\u00e2tre en anglais pour tous.<\/strong> Depuis plus de 10 ans, la troupe de la compagnie Oz pr\u00e9sente \u00e0 Reims une com\u00e9die musicale en anglais \u00e0 destination des petits et grands. PROCHAINE REPRESENTATION : \u00ab\u00a0<b>Agatha Christie\u2019s Crime Lesson<\/b>\u00ab\u00a0, mardi 18 mars 2024 \u00e0 18h30, Th\u00e9\u00e2tre du Chemin Vert \u00e0 Reims<\/p>\n<p><img loading=\"lazy\" decoding=\"async\" class=\"alignnone size-large wp-image-133\" src=\"https:\/\/aaeir.eu\/wp-content\/uploads\/2017\/01\/toast-1077984_1920-1024x683.jpg\" alt=\"\" width=\"660\" height=\"440\" srcset=\"https:\/\/aaeir.eu\/wp-content\/uploads\/2017\/01\/toast-1077984_1920-1024x683.jpg 1024w, https:\/\/aaeir.eu\/wp-content\/uploads\/2017\/01\/toast-1077984_1920-300x200.jpg 300w, https:\/\/aaeir.eu\/wp-content\/uploads\/2017\/01\/toast-1077984_1920-768x512.jpg 768w, https:\/\/aaeir.eu\/wp-content\/uploads\/2017\/01\/toast-1077984_1920.jpg 1920w\" sizes=\"auto, (max-width: 660px) 100vw, 660px\" \/><\/p>\n<p><strong>Breakfast.<\/strong> Petit-d\u00e9jeuner puis spectacle r\u00e9alis\u00e9 par les \u00e9l\u00e8ves. Nous proposons deux types de menus : un menu traditionnel et un menu continental. PROCHAIN BREAKFAST : plus d&rsquo;infos \u00e0 venir.<\/p>\n<p><strong>R\u00e9union des 3 \u00e9tablissements.<\/strong> L\u2019AAEIR organise chaque ann\u00e9e une r\u00e9union d\u2019information \u00e0 destination des parents d\u2019\u00e9l\u00e8ves, avec la pr\u00e9sence des trois chefs d\u2019\u00e9tablissement et des enseignants de la section.<\/p>\n<p><strong>Assembl\u00e9e g\u00e9n\u00e9rale.<\/strong> Assembl\u00e9e g\u00e9n\u00e9rale ordinaire de l\u2019association.<\/p>\n<p><img loading=\"lazy\" decoding=\"async\" class=\"alignnone wp-image-139 size-large\" src=\"https:\/\/aaeir.eu\/wp-content\/uploads\/2017\/01\/snowwhite-1024x608.jpg\" width=\"660\" height=\"392\" srcset=\"https:\/\/aaeir.eu\/wp-content\/uploads\/2017\/01\/snowwhite-1024x608.jpg 1024w, https:\/\/aaeir.eu\/wp-content\/uploads\/2017\/01\/snowwhite-300x178.jpg 300w, https:\/\/aaeir.eu\/wp-content\/uploads\/2017\/01\/snowwhite-768x456.jpg 768w, https:\/\/aaeir.eu\/wp-content\/uploads\/2017\/01\/snowwhite.jpg 1080w\" sizes=\"auto, (max-width: 660px) 100vw, 660px\" \/><\/p>\n<p><strong>Pantomime.<\/strong> Sortie \u00e0 Canterbury pour assister au traditionnel spectacle de No\u00ebl au Marlowe Theatre. PROCHAINE PANTO :\u00a0samedi 30 novembre 2019, \u00ab\u00a0Mother Goose\u00a0\u00bb. Il reste des places, \u00e9crivez nous \u00e0 contact@aaeir.eu<\/p>\n<p><img loading=\"lazy\" decoding=\"async\" class=\"alignnone size-large wp-image-136\" src=\"https:\/\/aaeir.eu\/wp-content\/uploads\/2017\/01\/snow-man-1813806_1920-1024x683.jpg\" alt=\"\" width=\"660\" height=\"440\" srcset=\"https:\/\/aaeir.eu\/wp-content\/uploads\/2017\/01\/snow-man-1813806_1920-1024x683.jpg 1024w, https:\/\/aaeir.eu\/wp-content\/uploads\/2017\/01\/snow-man-1813806_1920-300x200.jpg 300w, https:\/\/aaeir.eu\/wp-content\/uploads\/2017\/01\/snow-man-1813806_1920-768x512.jpg 768w, https:\/\/aaeir.eu\/wp-content\/uploads\/2017\/01\/snow-man-1813806_1920.jpg 1920w\" sizes=\"auto, (max-width: 660px) 100vw, 660px\" \/><\/p>\n<p><strong>Arbre de No\u00ebl.<\/strong> Les enfants de la section se donnent en spectacle.<\/p>\n<p><span style=\"border-radius: 2px; text-indent: 20px; width: auto; padding: 0px 4px 0px 0px; text-align: center; font: bold 11px\/20px 'Helvetica Neue',Helvetica,sans-serif; color: #ffffff; background: #bd081c no-repeat scroll 3px 50% \/ 14px 14px; position: absolute; opacity: 1; z-index: 8675309; display: none; cursor: pointer; top: 1385px; left: 50px;\">Enregistrer<\/span><\/p>\n<p><span style=\"border-radius: 2px; text-indent: 20px; width: auto; padding: 0px 4px 0px 0px; text-align: center; font: bold 11px\/20px 'Helvetica Neue',Helvetica,sans-serif; color: #ffffff; background: #bd081c no-repeat scroll 3px 50% \/ 14px 14px; position: absolute; opacity: 1; z-index: 8675309; display: none; cursor: pointer; top: 143px; left: 50px;\">Enregistrer<\/span><\/p>\n<p><span style=\"border-radius: 2px; text-indent: 20px; width: auto; padding: 0px 4px 0px 0px; text-align: center; font: bold 11px\/20px 'Helvetica Neue',Helvetica,sans-serif; color: #ffffff; background: #bd081c no-repeat scroll 3px 50% \/ 14px 14px; position: absolute; opacity: 1; z-index: 8675309; display: none; cursor: pointer;\">Enregistrer<\/span><\/p>\n","protected":false},"excerpt":{"rendered":"<p>Th\u00e9\u00e2tre en anglais pour tous. Depuis plus de 10 ans, la troupe de la compagnie Oz pr\u00e9sente \u00e0 Reims une com\u00e9die musicale en anglais \u00e0 destination des petits et grands. &hellip; <a href=\"https:\/\/aaeir.eu\/index.php\/fr\/presentation-association\/les-activites-et-evenements-recurrents\/\" class=\"more-link\">Continuer la lecture de <span class=\"screen-reader-text\">Les activit\u00e9s et \u00e9v\u00e9nements r\u00e9currents<\/span><\/a><\/p>\n","protected":false},"author":4,"featured_media":0,"parent":8,"menu_order":1,"comment_status":"closed","ping_status":"closed","template":"","meta":{"footnotes":""},"class_list":["post-68","page","type-page","status-publish","hentry"],"_links":{"self":[{"href":"https:\/\/aaeir.eu\/index.php\/wp-json\/wp\/v2\/pages\/68","targetHints":{"allow":["GET"]}}],"collection":[{"href":"https:\/\/aaeir.eu\/index.php\/wp-json\/wp\/v2\/pages"}],"about":[{"href":"https:\/\/aaeir.eu\/index.php\/wp-json\/wp\/v2\/types\/page"}],"author":[{"embeddable":true,"href":"https:\/\/aaeir.eu\/index.php\/wp-json\/wp\/v2\/users\/4"}],"replies":[{"embeddable":true,"href":"https:\/\/aaeir.eu\/index.php\/wp-json\/wp\/v2\/comments?post=68"}],"version-history":[{"count":12,"href":"https:\/\/aaeir.eu\/index.php\/wp-json\/wp\/v2\/pages\/68\/revisions"}],"predecessor-version":[{"id":363,"href":"https:\/\/aaeir.eu\/index.php\/wp-json\/wp\/v2\/pages\/68\/revisions\/363"}],"up":[{"embeddable":true,"href":"https:\/\/aaeir.eu\/index.php\/wp-json\/wp\/v2\/pages\/8"}],"wp:attachment":[{"href":"https:\/\/aaeir.eu\/index.php\/wp-json\/wp\/v2\/media?parent=68"}],"curies":[{"name":"wp","href":"https:\/\/api.w.org\/{rel}","templated":true}]}}