{"id":7,"date":"2017-01-16T18:17:19","date_gmt":"2017-01-16T17:17:19","guid":{"rendered":"http:\/\/aaeir.eu\/?page_id=7"},"modified":"2025-11-11T21:11:22","modified_gmt":"2025-11-11T20:11:22","slug":"accueil","status":"publish","type":"page","link":"https:\/\/aaeir.eu\/index.php\/fr\/accueil\/","title":{"rendered":"Accueil"},"content":{"rendered":"<p><img loading=\"lazy\" decoding=\"async\" class=\"alignnone size-full wp-image-153\" src=\"https:\/\/aaeir.eu\/wp-content\/uploads\/2017\/01\/banniereaaeir.jpg\" alt=\"\" width=\"660\" height=\"340\" srcset=\"https:\/\/aaeir.eu\/wp-content\/uploads\/2017\/01\/banniereaaeir.jpg 660w, https:\/\/aaeir.eu\/wp-content\/uploads\/2017\/01\/banniereaaeir-300x155.jpg 300w\" sizes=\"auto, (max-width: 660px) 100vw, 660px\" \/><\/p>\n<p>Bonjour et bienvenue sur notre nouveau site web.<\/p>\n<p>Nous y publions des infos sur les \u00e9v\u00e9nements, sur la section internationale ainsi que des news.<\/p>\n<p>Vous trouverez les diff\u00e9rentes cat\u00e9gories <strong>dans la barre de gauche.<\/strong><\/p>\n<p>N&rsquo;h\u00e9sitez pas \u00e0 les consulter r\u00e9guli\u00e8rement : c&rsquo;est ici que se trouveront les nouveaut\u00e9s.<\/p>\n<p>Bonne visite!<\/p>\n\n\n<p><\/p>\n","protected":false},"excerpt":{"rendered":"<p>Bonjour et bienvenue sur notre nouveau site web. Nous y publions des infos sur les \u00e9v\u00e9nements, sur la section internationale ainsi que des news. Vous trouverez les diff\u00e9rentes cat\u00e9gories dans &hellip; <a href=\"https:\/\/aaeir.eu\/index.php\/fr\/accueil\/\" class=\"more-link\">Continuer la lecture de <span class=\"screen-reader-text\">Accueil<\/span><\/a><\/p>\n","protected":false},"author":4,"featured_media":0,"parent":0,"menu_order":0,"comment_status":"closed","ping_status":"closed","template":"","meta":{"footnotes":""},"class_list":["post-7","page","type-page","status-publish","hentry"],"_links":{"self":[{"href":"https:\/\/aaeir.eu\/index.php\/wp-json\/wp\/v2\/pages\/7","targetHints":{"allow":["GET"]}}],"collection":[{"href":"https:\/\/aaeir.eu\/index.php\/wp-json\/wp\/v2\/pages"}],"about":[{"href":"https:\/\/aaeir.eu\/index.php\/wp-json\/wp\/v2\/types\/page"}],"author":[{"embeddable":true,"href":"https:\/\/aaeir.eu\/index.php\/wp-json\/wp\/v2\/users\/4"}],"replies":[{"embeddable":true,"href":"https:\/\/aaeir.eu\/index.php\/wp-json\/wp\/v2\/comments?post=7"}],"version-history":[{"count":11,"href":"https:\/\/aaeir.eu\/index.php\/wp-json\/wp\/v2\/pages\/7\/revisions"}],"predecessor-version":[{"id":568,"href":"https:\/\/aaeir.eu\/index.php\/wp-json\/wp\/v2\/pages\/7\/revisions\/568"}],"wp:attachment":[{"href":"https:\/\/aaeir.eu\/index.php\/wp-json\/wp\/v2\/media?parent=7"}],"curies":[{"name":"wp","href":"https:\/\/api.w.org\/{rel}","templated":true}]}}