{"id":8,"date":"2017-01-16T18:17:19","date_gmt":"2017-01-16T17:17:19","guid":{"rendered":"http:\/\/aaeir.eu\/?page_id=8"},"modified":"2017-01-16T20:20:15","modified_gmt":"2017-01-16T19:20:15","slug":"presentation-association","status":"publish","type":"page","link":"https:\/\/aaeir.eu\/index.php\/fr\/presentation-association\/","title":{"rendered":"Pr\u00e9sentation de l&rsquo;Association"},"content":{"rendered":"<p>L&rsquo;association des parents d&rsquo;\u00e9l\u00e8ves de la section internationale britannique de Reims (AAEIR) informe et guide les parents d&rsquo;\u00e9l\u00e8ves.<\/p>\n<p>Elle est le lien avec les \u00e9tablissements scolaires, les instances de l&rsquo;Education Nationale, les collectivit\u00e9s locales.<\/p>\n<p>Elle assure la promotion et le soutien de la section internationale britannique de Reims.<\/p>\n<p>Elle repr\u00e9sente les parents d&rsquo;\u00e9l\u00e8ves dans les conseils de section des trois \u00e9tablissements.<\/p>\n<p>Elle organise des manifestations biculturelles, participe \u00e0 l&rsquo;organisation de l&rsquo;accueil des correspondants \u00e9trangers, veille au bon d\u00e9veloppement de la section.<\/p>\n<p>L&rsquo;association est ind\u00e9pendante, financ\u00e9e par les cotisations des membres, les manifestations annuelles et les subventions accord\u00e9es par les collectivit\u00e9s locales.<\/p>\n","protected":false},"excerpt":{"rendered":"<p>L&rsquo;association des parents d&rsquo;\u00e9l\u00e8ves de la section internationale britannique de Reims (AAEIR) informe et guide les parents d&rsquo;\u00e9l\u00e8ves. Elle est le lien avec les \u00e9tablissements scolaires, les instances de l&rsquo;Education &hellip; <a href=\"https:\/\/aaeir.eu\/index.php\/fr\/presentation-association\/\" class=\"more-link\">Continuer la lecture de <span class=\"screen-reader-text\">Pr\u00e9sentation de l&rsquo;Association<\/span><\/a><\/p>\n","protected":false},"author":4,"featured_media":0,"parent":0,"menu_order":0,"comment_status":"closed","ping_status":"closed","template":"","meta":{"footnotes":""},"class_list":["post-8","page","type-page","status-publish","hentry"],"_links":{"self":[{"href":"https:\/\/aaeir.eu\/index.php\/wp-json\/wp\/v2\/pages\/8","targetHints":{"allow":["GET"]}}],"collection":[{"href":"https:\/\/aaeir.eu\/index.php\/wp-json\/wp\/v2\/pages"}],"about":[{"href":"https:\/\/aaeir.eu\/index.php\/wp-json\/wp\/v2\/types\/page"}],"author":[{"embeddable":true,"href":"https:\/\/aaeir.eu\/index.php\/wp-json\/wp\/v2\/users\/4"}],"replies":[{"embeddable":true,"href":"https:\/\/aaeir.eu\/index.php\/wp-json\/wp\/v2\/comments?post=8"}],"version-history":[{"count":7,"href":"https:\/\/aaeir.eu\/index.php\/wp-json\/wp\/v2\/pages\/8\/revisions"}],"predecessor-version":[{"id":72,"href":"https:\/\/aaeir.eu\/index.php\/wp-json\/wp\/v2\/pages\/8\/revisions\/72"}],"wp:attachment":[{"href":"https:\/\/aaeir.eu\/index.php\/wp-json\/wp\/v2\/media?parent=8"}],"curies":[{"name":"wp","href":"https:\/\/api.w.org\/{rel}","templated":true}]}}